{"id":9893,"date":"2023-03-30T10:48:04","date_gmt":"2023-03-30T10:48:04","guid":{"rendered":"https:\/\/www.kyshenkotraining.com\/?post_type=product&#038;p=9893"},"modified":"2023-04-01T14:27:54","modified_gmt":"2023-04-01T14:27:54","slug":"programa-de-nutricion-por-artur-kyshenko","status":"publish","type":"product","link":"https:\/\/www.kyshenkotraining.com\/ru\/product\/programa-de-nutricion-por-artur-kyshenko\/","title":{"rendered":"Programa de nutrici\u00f3n por Artur Kyshenko"},"content":{"rendered":"<p>Programa de autor con el que usted:<\/p>\n<p>1) Aprende los secretos<br \/>\nnutrici\u00f3n adecuada para obtener mejores resultados durante los entrenamientos<\/p>\n<p>2) Tenga acceso al programa de nutrici\u00f3n, que es utilizado por el propio Arthur kyshenko, y todo su equipo<\/p>\n<p>3) Aprenda un programa de nutrici\u00f3n profesional y obtenga una dieta diaria<\/p>","protected":false},"excerpt":{"rendered":"<p>Programa de autor con el que usted: 1) Aprende los secretos nutrici\u00f3n adecuada para obtener mejores resultados durante los entrenamientos 2) Tenga acceso al programa de nutrici\u00f3n, que es utilizado por el propio Arthur kyshenko, y todo su equipo 3) Aprenda un programa de nutrici\u00f3n [&hellip;]<\/p>","protected":false},"featured_media":9726,"comment_status":"open","ping_status":"closed","template":"","meta":[],"product_brand":[],"product_cat":[16],"product_tag":[],"class_list":{"0":"post-9893","1":"product","2":"type-product","3":"status-publish","4":"has-post-thumbnail","6":"product_cat-sin-categorizar","8":"first","9":"instock","10":"sale","11":"downloadable","12":"virtual","13":"purchasable","14":"product-type-simple"},"yoast_head":"<!-- This site is optimized with the Yoast SEO Premium plugin v20.3 (Yoast SEO v25.5) - https:\/\/yoast.com\/wordpress\/plugins\/seo\/ -->\n<title>Programa de nutrici\u00f3n por Artur Kyshenko - Kyshenkotraining.com<\/title>\n<meta name=\"robots\" content=\"index, follow, max-snippet:-1, max-image-preview:large, max-video-preview:-1\" \/>\n<link rel=\"canonical\" href=\"https:\/\/www.kyshenkotraining.com\/ru\/product\/programa-de-nutricion-por-artur-kyshenko\/\" \/>\n<meta property=\"og:locale\" content=\"ru_RU\" \/>\n<meta property=\"og:type\" content=\"article\" \/>\n<meta property=\"og:title\" content=\"Programa de nutrici\u00f3n por Artur Kyshenko\" \/>\n<meta property=\"og:description\" content=\"Programa de autor con el que usted: 1) Aprende los secretos nutrici\u00f3n adecuada para obtener mejores resultados durante los entrenamientos 2) Tenga acceso al programa de nutrici\u00f3n, que es utilizado por el propio Arthur kyshenko, y todo su equipo 3) Aprenda un programa de nutrici\u00f3n [&hellip;]\" \/>\n<meta property=\"og:url\" content=\"https:\/\/www.kyshenkotraining.com\/ru\/product\/programa-de-nutricion-por-artur-kyshenko\/\" \/>\n<meta property=\"og:site_name\" content=\"Kyshenkotraining.com\" \/>\n<meta property=\"article:modified_time\" content=\"2023-04-01T14:27:54+00:00\" \/>\n<meta property=\"og:image\" content=\"https:\/\/www.kyshenkotraining.com\/wp-content\/uploads\/2023\/03\/9355f-e-book-reader-mockup-tablet-pro-12.png\" \/>\n\t<meta property=\"og:image:width\" content=\"2469\" \/>\n\t<meta property=\"og:image:height\" content=\"1698\" \/>\n\t<meta property=\"og:image:type\" content=\"image\/png\" \/>\n<meta name=\"twitter:card\" content=\"summary_large_image\" \/>\n<meta name=\"twitter:label1\" content=\"\u041f\u0440\u0438\u043c\u0435\u0440\u043d\u043e\u0435 \u0432\u0440\u0435\u043c\u044f \u0434\u043b\u044f \u0447\u0442\u0435\u043d\u0438\u044f\" \/>\n\t<meta name=\"twitter:data1\" content=\"1 \u043c\u0438\u043d\u0443\u0442\u0430\" \/>\n<script type=\"application\/ld+json\" class=\"yoast-schema-graph\">{\"@context\":\"https:\/\/schema.org\",\"@graph\":[{\"@type\":\"WebPage\",\"@id\":\"https:\/\/www.kyshenkotraining.com\/producto\/programa-de-nutricion-por-artur-kyshenko\/\",\"url\":\"https:\/\/www.kyshenkotraining.com\/producto\/programa-de-nutricion-por-artur-kyshenko\/\",\"name\":\"Programa de nutrici\u00f3n por Artur Kyshenko - Kyshenkotraining.com\",\"isPartOf\":{\"@id\":\"https:\/\/www.kyshenkotraining.com\/#website\"},\"primaryImageOfPage\":{\"@id\":\"https:\/\/www.kyshenkotraining.com\/producto\/programa-de-nutricion-por-artur-kyshenko\/#primaryimage\"},\"image\":{\"@id\":\"https:\/\/www.kyshenkotraining.com\/producto\/programa-de-nutricion-por-artur-kyshenko\/#primaryimage\"},\"thumbnailUrl\":\"https:\/\/www.kyshenkotraining.com\/wp-content\/uploads\/2023\/03\/9355f-e-book-reader-mockup-tablet-pro-12.png\",\"datePublished\":\"2023-03-30T10:48:04+00:00\",\"dateModified\":\"2023-04-01T14:27:54+00:00\",\"breadcrumb\":{\"@id\":\"https:\/\/www.kyshenkotraining.com\/producto\/programa-de-nutricion-por-artur-kyshenko\/#breadcrumb\"},\"inLanguage\":\"ru-RU\",\"potentialAction\":[{\"@type\":\"ReadAction\",\"target\":[\"https:\/\/www.kyshenkotraining.com\/producto\/programa-de-nutricion-por-artur-kyshenko\/\"]}]},{\"@type\":\"ImageObject\",\"inLanguage\":\"ru-RU\",\"@id\":\"https:\/\/www.kyshenkotraining.com\/producto\/programa-de-nutricion-por-artur-kyshenko\/#primaryimage\",\"url\":\"https:\/\/www.kyshenkotraining.com\/wp-content\/uploads\/2023\/03\/9355f-e-book-reader-mockup-tablet-pro-12.png\",\"contentUrl\":\"https:\/\/www.kyshenkotraining.com\/wp-content\/uploads\/2023\/03\/9355f-e-book-reader-mockup-tablet-pro-12.png\",\"width\":2469,\"height\":1698},{\"@type\":\"BreadcrumbList\",\"@id\":\"https:\/\/www.kyshenkotraining.com\/producto\/programa-de-nutricion-por-artur-kyshenko\/#breadcrumb\",\"itemListElement\":[{\"@type\":\"ListItem\",\"position\":1,\"name\":\"Portada\",\"item\":\"https:\/\/www.kyshenkotraining.com\/\"},{\"@type\":\"ListItem\",\"position\":2,\"name\":\"Tienda\",\"item\":\"https:\/\/www.kyshenkotraining.com\/tienda\/\"},{\"@type\":\"ListItem\",\"position\":3,\"name\":\"Programa de nutrici\u00f3n por Artur Kyshenko\"}]},{\"@type\":\"WebSite\",\"@id\":\"https:\/\/www.kyshenkotraining.com\/#website\",\"url\":\"https:\/\/www.kyshenkotraining.com\/\",\"name\":\"Kyshenkotraining.com\",\"description\":\"Kyshenko training de cursos online para todos, desde principiantes hasta profesionales: su edad, nivel de preparaci\u00f3n, datos f\u00edsicos iniciales no importan\",\"publisher\":{\"@id\":\"https:\/\/www.kyshenkotraining.com\/#organization\"},\"potentialAction\":[{\"@type\":\"SearchAction\",\"target\":{\"@type\":\"EntryPoint\",\"urlTemplate\":\"https:\/\/www.kyshenkotraining.com\/?s={search_term_string}\"},\"query-input\":{\"@type\":\"PropertyValueSpecification\",\"valueRequired\":true,\"valueName\":\"search_term_string\"}}],\"inLanguage\":\"ru-RU\"},{\"@type\":\"Organization\",\"@id\":\"https:\/\/www.kyshenkotraining.com\/#organization\",\"name\":\"Kyshenkotraining.com\",\"url\":\"https:\/\/www.kyshenkotraining.com\/\",\"logo\":{\"@type\":\"ImageObject\",\"inLanguage\":\"ru-RU\",\"@id\":\"https:\/\/www.kyshenkotraining.com\/#\/schema\/logo\/image\/\",\"url\":\"https:\/\/www.kyshenkotraining.com\/wp-content\/uploads\/2023\/03\/6c240-logo_kyshenko-03-1.png\",\"contentUrl\":\"https:\/\/www.kyshenkotraining.com\/wp-content\/uploads\/2023\/03\/6c240-logo_kyshenko-03-1.png\",\"width\":3299,\"height\":720,\"caption\":\"Kyshenkotraining.com\"},\"image\":{\"@id\":\"https:\/\/www.kyshenkotraining.com\/#\/schema\/logo\/image\/\"}}]}<\/script>\n<!-- \/ Yoast SEO Premium plugin. -->","yoast_head_json":{"title":"Programa de nutrici\u00f3n por Artur Kyshenko - Kyshenkotraining.com","robots":{"index":"index","follow":"follow","max-snippet":"max-snippet:-1","max-image-preview":"max-image-preview:large","max-video-preview":"max-video-preview:-1"},"canonical":"https:\/\/www.kyshenkotraining.com\/ru\/product\/programa-de-nutricion-por-artur-kyshenko\/","og_locale":"ru_RU","og_type":"article","og_title":"Programa de nutrici\u00f3n por Artur Kyshenko","og_description":"Programa de autor con el que usted: 1) Aprende los secretos nutrici\u00f3n adecuada para obtener mejores resultados durante los entrenamientos 2) Tenga acceso al programa de nutrici\u00f3n, que es utilizado por el propio Arthur kyshenko, y todo su equipo 3) Aprenda un programa de nutrici\u00f3n [&hellip;]","og_url":"https:\/\/www.kyshenkotraining.com\/ru\/product\/programa-de-nutricion-por-artur-kyshenko\/","og_site_name":"Kyshenkotraining.com","article_modified_time":"2023-04-01T14:27:54+00:00","og_image":[{"width":2469,"height":1698,"url":"https:\/\/www.kyshenkotraining.com\/wp-content\/uploads\/2023\/03\/9355f-e-book-reader-mockup-tablet-pro-12.png","type":"image\/png"}],"twitter_card":"summary_large_image","twitter_misc":{"\u041f\u0440\u0438\u043c\u0435\u0440\u043d\u043e\u0435 \u0432\u0440\u0435\u043c\u044f \u0434\u043b\u044f \u0447\u0442\u0435\u043d\u0438\u044f":"1 \u043c\u0438\u043d\u0443\u0442\u0430"},"schema":{"@context":"https:\/\/schema.org","@graph":[{"@type":"WebPage","@id":"https:\/\/www.kyshenkotraining.com\/producto\/programa-de-nutricion-por-artur-kyshenko\/","url":"https:\/\/www.kyshenkotraining.com\/producto\/programa-de-nutricion-por-artur-kyshenko\/","name":"Programa de nutrici\u00f3n por Artur Kyshenko - Kyshenkotraining.com","isPartOf":{"@id":"https:\/\/www.kyshenkotraining.com\/#website"},"primaryImageOfPage":{"@id":"https:\/\/www.kyshenkotraining.com\/producto\/programa-de-nutricion-por-artur-kyshenko\/#primaryimage"},"image":{"@id":"https:\/\/www.kyshenkotraining.com\/producto\/programa-de-nutricion-por-artur-kyshenko\/#primaryimage"},"thumbnailUrl":"https:\/\/www.kyshenkotraining.com\/wp-content\/uploads\/2023\/03\/9355f-e-book-reader-mockup-tablet-pro-12.png","datePublished":"2023-03-30T10:48:04+00:00","dateModified":"2023-04-01T14:27:54+00:00","breadcrumb":{"@id":"https:\/\/www.kyshenkotraining.com\/producto\/programa-de-nutricion-por-artur-kyshenko\/#breadcrumb"},"inLanguage":"ru-RU","potentialAction":[{"@type":"ReadAction","target":["https:\/\/www.kyshenkotraining.com\/producto\/programa-de-nutricion-por-artur-kyshenko\/"]}]},{"@type":"ImageObject","inLanguage":"ru-RU","@id":"https:\/\/www.kyshenkotraining.com\/producto\/programa-de-nutricion-por-artur-kyshenko\/#primaryimage","url":"https:\/\/www.kyshenkotraining.com\/wp-content\/uploads\/2023\/03\/9355f-e-book-reader-mockup-tablet-pro-12.png","contentUrl":"https:\/\/www.kyshenkotraining.com\/wp-content\/uploads\/2023\/03\/9355f-e-book-reader-mockup-tablet-pro-12.png","width":2469,"height":1698},{"@type":"BreadcrumbList","@id":"https:\/\/www.kyshenkotraining.com\/producto\/programa-de-nutricion-por-artur-kyshenko\/#breadcrumb","itemListElement":[{"@type":"ListItem","position":1,"name":"Portada","item":"https:\/\/www.kyshenkotraining.com\/"},{"@type":"ListItem","position":2,"name":"Tienda","item":"https:\/\/www.kyshenkotraining.com\/tienda\/"},{"@type":"ListItem","position":3,"name":"Programa de nutrici\u00f3n por Artur Kyshenko"}]},{"@type":"WebSite","@id":"https:\/\/www.kyshenkotraining.com\/#website","url":"https:\/\/www.kyshenkotraining.com\/","name":"Kyshenkotraining.com","description":"Kyshenko training de cursos online para todos, desde principiantes hasta profesionales: su edad, nivel de preparaci\u00f3n, datos f\u00edsicos iniciales no importan","publisher":{"@id":"https:\/\/www.kyshenkotraining.com\/#organization"},"potentialAction":[{"@type":"SearchAction","target":{"@type":"EntryPoint","urlTemplate":"https:\/\/www.kyshenkotraining.com\/?s={search_term_string}"},"query-input":{"@type":"PropertyValueSpecification","valueRequired":true,"valueName":"search_term_string"}}],"inLanguage":"ru-RU"},{"@type":"Organization","@id":"https:\/\/www.kyshenkotraining.com\/#organization","name":"Kyshenkotraining.com","url":"https:\/\/www.kyshenkotraining.com\/","logo":{"@type":"ImageObject","inLanguage":"ru-RU","@id":"https:\/\/www.kyshenkotraining.com\/#\/schema\/logo\/image\/","url":"https:\/\/www.kyshenkotraining.com\/wp-content\/uploads\/2023\/03\/6c240-logo_kyshenko-03-1.png","contentUrl":"https:\/\/www.kyshenkotraining.com\/wp-content\/uploads\/2023\/03\/6c240-logo_kyshenko-03-1.png","width":3299,"height":720,"caption":"Kyshenkotraining.com"},"image":{"@id":"https:\/\/www.kyshenkotraining.com\/#\/schema\/logo\/image\/"}}]}},"_links":{"self":[{"href":"https:\/\/www.kyshenkotraining.com\/ru\/wp-json\/wp\/v2\/product\/9893","targetHints":{"allow":["GET"]}}],"collection":[{"href":"https:\/\/www.kyshenkotraining.com\/ru\/wp-json\/wp\/v2\/product"}],"about":[{"href":"https:\/\/www.kyshenkotraining.com\/ru\/wp-json\/wp\/v2\/types\/product"}],"replies":[{"embeddable":true,"href":"https:\/\/www.kyshenkotraining.com\/ru\/wp-json\/wp\/v2\/comments?post=9893"}],"wp:featuredmedia":[{"embeddable":true,"href":"https:\/\/www.kyshenkotraining.com\/ru\/wp-json\/wp\/v2\/media\/9726"}],"wp:attachment":[{"href":"https:\/\/www.kyshenkotraining.com\/ru\/wp-json\/wp\/v2\/media?parent=9893"}],"wp:term":[{"taxonomy":"product_brand","embeddable":true,"href":"https:\/\/www.kyshenkotraining.com\/ru\/wp-json\/wp\/v2\/product_brand?post=9893"},{"taxonomy":"product_cat","embeddable":true,"href":"https:\/\/www.kyshenkotraining.com\/ru\/wp-json\/wp\/v2\/product_cat?post=9893"},{"taxonomy":"product_tag","embeddable":true,"href":"https:\/\/www.kyshenkotraining.com\/ru\/wp-json\/wp\/v2\/product_tag?post=9893"}],"curies":[{"name":"wp","href":"https:\/\/api.w.org\/{rel}","templated":true}]}}