{"id":9757,"date":"2023-03-27T13:38:42","date_gmt":"2023-03-27T13:38:42","guid":{"rendered":"https:\/\/www.kyshenkotraining.com\/?page_id=9757"},"modified":"2023-04-01T10:53:42","modified_gmt":"2023-04-01T10:53:42","slug":"seminarios","status":"publish","type":"page","link":"https:\/\/www.kyshenkotraining.com\/ru\/seminarios\/","title":{"rendered":"\u0421\u0435\u043c\u0438\u043d\u0430\u0440\u044b"},"content":{"rendered":"<div data-elementor-type=\"wp-page\" data-elementor-id=\"9757\" class=\"elementor elementor-9757\">\n\t\t\t\t\t\t<section class=\"elementor-section elementor-top-section elementor-element elementor-element-47ce1c7 elementor-section-boxed elementor-section-height-default elementor-section-height-default\" data-id=\"47ce1c7\" data-element_type=\"section\">\n\t\t\t\t\t\t<div class=\"elementor-container elementor-column-gap-default\">\n\t\t\t\t\t<div class=\"elementor-column elementor-col-100 elementor-top-column elementor-element elementor-element-1888cd9\" data-id=\"1888cd9\" data-element_type=\"column\">\n\t\t\t<div class=\"elementor-widget-wrap elementor-element-populated\">\n\t\t\t\t\t\t<div class=\"elementor-element elementor-element-2885f0e elementor-widget elementor-widget-heading\" data-id=\"2885f0e\" data-element_type=\"widget\" data-widget_type=\"heading.default\">\n\t\t\t\t<div class=\"elementor-widget-container\">\n\t\t\t\t\t<h2 class=\"elementor-heading-title elementor-size-default\">\u00bfTe gustar\u00eda entrenar con una Campe\u00f3n Mundial?\n<\/h2>\t\t\t\t<\/div>\n\t\t\t\t<\/div>\n\t\t\t\t\t<\/div>\n\t\t<\/div>\n\t\t\t\t\t<\/div>\n\t\t<\/section>\n\t\t\t\t<section class=\"elementor-section elementor-top-section elementor-element elementor-element-21c5a65 elementor-section-boxed elementor-section-height-default elementor-section-height-default\" data-id=\"21c5a65\" data-element_type=\"section\">\n\t\t\t\t\t\t<div class=\"elementor-container elementor-column-gap-default\">\n\t\t\t\t\t<div class=\"elementor-column elementor-col-100 elementor-top-column elementor-element elementor-element-a89b89e\" data-id=\"a89b89e\" data-element_type=\"column\">\n\t\t\t<div class=\"elementor-widget-wrap elementor-element-populated\">\n\t\t\t\t\t\t<div class=\"elementor-element elementor-element-175aecf elementor-widget elementor-widget-text-editor\" data-id=\"175aecf\" data-element_type=\"widget\" data-widget_type=\"text-editor.default\">\n\t\t\t\t<div class=\"elementor-widget-container\">\n\t\t\t\t\t\t\t\t\t<p>Artur Kyshenko, despu\u00e9s de luchar en las mejores ligas y llevar a\u00f1os imbatido en K1, sigue amando este deporte como el primer d\u00eda y siempre est\u00e1 dispuesto a compartir todos sus a\u00f1os de experiencia en cualquier lugar<\/p><p>Le ilusiona trasmitir sus habilidades, rutinas en sesiones de grupo en cualquier lugar, y trasmitir sus conocimientos a cualquier apasionado de los deportes de contacto.<\/p><p>Ha impartido numerosos seminarios por toda Europa y recientemente estuvo visitando los principales gimnasios de Estados unidos y trasmitiendo y compartiendo su visi\u00f3n y sistema de entrenamiento en Kick Boxing.<\/p>\t\t\t\t\t\t\t\t<\/div>\n\t\t\t\t<\/div>\n\t\t\t\t<div class=\"elementor-element elementor-element-ecfa246 elementor-widget elementor-widget-image\" data-id=\"ecfa246\" data-element_type=\"widget\" data-widget_type=\"image.default\">\n\t\t\t\t<div class=\"elementor-widget-container\">\n\t\t\t\t\t\t\t\t\t\t\t\t\t\t\t<img fetchpriority=\"high\" decoding=\"async\" width=\"1600\" height=\"1200\" src=\"https:\/\/www.kyshenkotraining.com\/wp-content\/uploads\/2023\/03\/d99ea-usa-seminar.jpg\" class=\"attachment-full size-full wp-image-9812\" alt=\"\" srcset=\"https:\/\/www.kyshenkotraining.com\/wp-content\/uploads\/2023\/03\/d99ea-usa-seminar.jpg 1600w, https:\/\/www.kyshenkotraining.com\/wp-content\/uploads\/2023\/03\/d99ea-usa-seminar-300x225.jpg 300w, https:\/\/www.kyshenkotraining.com\/wp-content\/uploads\/2023\/03\/d99ea-usa-seminar-1024x768.jpg 1024w, https:\/\/www.kyshenkotraining.com\/wp-content\/uploads\/2023\/03\/d99ea-usa-seminar-768x576.jpg 768w, https:\/\/www.kyshenkotraining.com\/wp-content\/uploads\/2023\/03\/d99ea-usa-seminar-1536x1152.jpg 1536w, https:\/\/www.kyshenkotraining.com\/wp-content\/uploads\/2023\/03\/d99ea-usa-seminar-600x450.jpg 600w\" sizes=\"(max-width: 1600px) 100vw, 1600px\" \/>\t\t\t\t\t\t\t\t\t\t\t\t\t\t\t<\/div>\n\t\t\t\t<\/div>\n\t\t\t\t\t<\/div>\n\t\t<\/div>\n\t\t\t\t\t<\/div>\n\t\t<\/section>\n\t\t\t\t<section class=\"elementor-section elementor-top-section elementor-element elementor-element-811e784 elementor-section-boxed elementor-section-height-default elementor-section-height-default\" data-id=\"811e784\" data-element_type=\"section\">\n\t\t\t\t\t\t<div class=\"elementor-container elementor-column-gap-default\">\n\t\t\t\t\t<div class=\"elementor-column elementor-col-50 elementor-top-column elementor-element elementor-element-760c64f\" data-id=\"760c64f\" data-element_type=\"column\">\n\t\t\t<div class=\"elementor-widget-wrap elementor-element-populated\">\n\t\t\t\t\t\t<div class=\"elementor-element elementor-element-7f6f317 elementor-widget elementor-widget-heading\" data-id=\"7f6f317\" data-element_type=\"widget\" data-widget_type=\"heading.default\">\n\t\t\t\t<div class=\"elementor-widget-container\">\n\t\t\t\t\t<h2 class=\"elementor-heading-title elementor-size-default\">Cualquier lugar<\/h2>\t\t\t\t<\/div>\n\t\t\t\t<\/div>\n\t\t\t\t<div class=\"elementor-element elementor-element-dea5f89 elementor-widget elementor-widget-text-editor\" data-id=\"dea5f89\" data-element_type=\"widget\" data-widget_type=\"text-editor.default\">\n\t\t\t\t<div class=\"elementor-widget-container\">\n\t\t\t\t\t\t\t\t\t<p>No importa el nivel que tengan los asistentes, Artur sabe adaptar sus conocimientos y ejercicios al nivel de los practicantes, todos salen entusiasmados por sus ejercicios, consejos y sus mejores t\u00e9cnicas.<\/p><p>Os propones un seminario de hora y media de la mano de una leyenda activa de este deporte, donde adem\u00e1s de entrenar los asistentes tendr\u00e1n la oportunidad de hacer fotos y preguntas.<\/p><p>Si quieres m\u00e1s informaci\u00f3n de c\u00f3mo organizar un seminario en tu gimnasio env\u00edanos un mensaje rellenando el formulario de abajo.<\/p>\t\t\t\t\t\t\t\t<\/div>\n\t\t\t\t<\/div>\n\t\t\t\t\t<\/div>\n\t\t<\/div>\n\t\t\t\t<div class=\"elementor-column elementor-col-50 elementor-top-column elementor-element elementor-element-526b53c\" data-id=\"526b53c\" data-element_type=\"column\">\n\t\t\t<div class=\"elementor-widget-wrap elementor-element-populated\">\n\t\t\t\t\t\t<div class=\"elementor-element elementor-element-8b5ea39 elementor-widget elementor-widget-image\" data-id=\"8b5ea39\" data-element_type=\"widget\" data-widget_type=\"image.default\">\n\t\t\t\t<div class=\"elementor-widget-container\">\n\t\t\t\t\t\t\t\t\t\t\t\t\t\t\t<img decoding=\"async\" width=\"1707\" height=\"2560\" src=\"https:\/\/www.kyshenkotraining.com\/wp-content\/uploads\/2023\/04\/bd134-dsc05461-1-scaled.jpg\" class=\"attachment-full size-full wp-image-9946\" alt=\"\" srcset=\"https:\/\/www.kyshenkotraining.com\/wp-content\/uploads\/2023\/04\/bd134-dsc05461-1-scaled.jpg 1707w, https:\/\/www.kyshenkotraining.com\/wp-content\/uploads\/2023\/04\/bd134-dsc05461-1-200x300.jpg 200w, https:\/\/www.kyshenkotraining.com\/wp-content\/uploads\/2023\/04\/bd134-dsc05461-1-683x1024.jpg 683w, https:\/\/www.kyshenkotraining.com\/wp-content\/uploads\/2023\/04\/bd134-dsc05461-1-768x1152.jpg 768w, https:\/\/www.kyshenkotraining.com\/wp-content\/uploads\/2023\/04\/bd134-dsc05461-1-1024x1536.jpg 1024w, https:\/\/www.kyshenkotraining.com\/wp-content\/uploads\/2023\/04\/bd134-dsc05461-1-1365x2048.jpg 1365w, https:\/\/www.kyshenkotraining.com\/wp-content\/uploads\/2023\/04\/bd134-dsc05461-1-300x450.jpg 300w, https:\/\/www.kyshenkotraining.com\/wp-content\/uploads\/2023\/04\/bd134-dsc05461-1-600x900.jpg 600w\" sizes=\"(max-width: 1707px) 100vw, 1707px\" \/>\t\t\t\t\t\t\t\t\t\t\t\t\t\t\t<\/div>\n\t\t\t\t<\/div>\n\t\t\t\t\t<\/div>\n\t\t<\/div>\n\t\t\t\t\t<\/div>\n\t\t<\/section>\n\t\t\t\t<\/div>","protected":false},"excerpt":{"rendered":"<p>\u00bfTe gustar\u00eda entrenar con una Campe\u00f3n Mundial? Artur Kyshenko, despu\u00e9s de luchar en las mejores ligas y llevar a\u00f1os imbatido en K1, sigue amando este deporte como el primer d\u00eda y siempre est\u00e1 dispuesto a compartir todos sus a\u00f1os de experiencia en cualquier lugar Le [&hellip;]<\/p>","protected":false},"author":1,"featured_media":0,"parent":0,"menu_order":0,"comment_status":"closed","ping_status":"closed","template":"elementor_header_footer","meta":{"footnotes":""},"class_list":["post-9757","page","type-page","status-publish","hentry"],"yoast_head":"<!-- This site is optimized with the Yoast SEO Premium plugin v20.3 (Yoast SEO v25.5) - https:\/\/yoast.com\/wordpress\/plugins\/seo\/ -->\n<title>Seminarios - Kyshenkotraining.com<\/title>\n<meta name=\"robots\" content=\"index, follow, max-snippet:-1, max-image-preview:large, max-video-preview:-1\" \/>\n<link rel=\"canonical\" href=\"https:\/\/www.kyshenkotraining.com\/ru\/seminarios\/\" \/>\n<meta property=\"og:locale\" content=\"ru_RU\" \/>\n<meta property=\"og:type\" content=\"article\" \/>\n<meta property=\"og:title\" content=\"Seminarios\" \/>\n<meta property=\"og:description\" content=\"\u00bfTe gustar\u00eda entrenar con una Campe\u00f3n Mundial? Artur Kyshenko, despu\u00e9s de luchar en las mejores ligas y llevar a\u00f1os imbatido en K1, sigue amando este deporte como el primer d\u00eda y siempre est\u00e1 dispuesto a compartir todos sus a\u00f1os de experiencia en cualquier lugar Le [&hellip;]\" \/>\n<meta property=\"og:url\" content=\"https:\/\/www.kyshenkotraining.com\/ru\/seminarios\/\" \/>\n<meta property=\"og:site_name\" content=\"Kyshenkotraining.com\" \/>\n<meta property=\"article:modified_time\" content=\"2023-04-01T10:53:42+00:00\" \/>\n<meta property=\"og:image\" content=\"https:\/\/www.kyshenkotraining.com\/wp-content\/uploads\/2023\/03\/d99ea-usa-seminar.jpg\" \/>\n<meta name=\"twitter:card\" content=\"summary_large_image\" \/>\n<meta name=\"twitter:label1\" content=\"\u041f\u0440\u0438\u043c\u0435\u0440\u043d\u043e\u0435 \u0432\u0440\u0435\u043c\u044f \u0434\u043b\u044f \u0447\u0442\u0435\u043d\u0438\u044f\" \/>\n\t<meta name=\"twitter:data1\" content=\"2 \u043c\u0438\u043d\u0443\u0442\u044b\" \/>\n<script type=\"application\/ld+json\" class=\"yoast-schema-graph\">{\"@context\":\"https:\/\/schema.org\",\"@graph\":[{\"@type\":\"WebPage\",\"@id\":\"https:\/\/www.kyshenkotraining.com\/seminarios\/\",\"url\":\"https:\/\/www.kyshenkotraining.com\/seminarios\/\",\"name\":\"Seminarios - Kyshenkotraining.com\",\"isPartOf\":{\"@id\":\"https:\/\/www.kyshenkotraining.com\/#website\"},\"primaryImageOfPage\":{\"@id\":\"https:\/\/www.kyshenkotraining.com\/seminarios\/#primaryimage\"},\"image\":{\"@id\":\"https:\/\/www.kyshenkotraining.com\/seminarios\/#primaryimage\"},\"thumbnailUrl\":\"https:\/\/www.kyshenkotraining.com\/wp-content\/uploads\/2023\/03\/d99ea-usa-seminar.jpg\",\"datePublished\":\"2023-03-27T13:38:42+00:00\",\"dateModified\":\"2023-04-01T10:53:42+00:00\",\"breadcrumb\":{\"@id\":\"https:\/\/www.kyshenkotraining.com\/seminarios\/#breadcrumb\"},\"inLanguage\":\"ru-RU\",\"potentialAction\":[{\"@type\":\"ReadAction\",\"target\":[\"https:\/\/www.kyshenkotraining.com\/seminarios\/\"]}]},{\"@type\":\"ImageObject\",\"inLanguage\":\"ru-RU\",\"@id\":\"https:\/\/www.kyshenkotraining.com\/seminarios\/#primaryimage\",\"url\":\"https:\/\/www.kyshenkotraining.com\/wp-content\/uploads\/2023\/03\/d99ea-usa-seminar.jpg\",\"contentUrl\":\"https:\/\/www.kyshenkotraining.com\/wp-content\/uploads\/2023\/03\/d99ea-usa-seminar.jpg\"},{\"@type\":\"BreadcrumbList\",\"@id\":\"https:\/\/www.kyshenkotraining.com\/seminarios\/#breadcrumb\",\"itemListElement\":[{\"@type\":\"ListItem\",\"position\":1,\"name\":\"Portada\",\"item\":\"https:\/\/www.kyshenkotraining.com\/\"},{\"@type\":\"ListItem\",\"position\":2,\"name\":\"Seminarios\"}]},{\"@type\":\"WebSite\",\"@id\":\"https:\/\/www.kyshenkotraining.com\/#website\",\"url\":\"https:\/\/www.kyshenkotraining.com\/\",\"name\":\"Kyshenkotraining.com\",\"description\":\"Kyshenko training de cursos online para todos, desde principiantes hasta profesionales: su edad, nivel de preparaci\u00f3n, datos f\u00edsicos iniciales no importan\",\"publisher\":{\"@id\":\"https:\/\/www.kyshenkotraining.com\/#organization\"},\"potentialAction\":[{\"@type\":\"SearchAction\",\"target\":{\"@type\":\"EntryPoint\",\"urlTemplate\":\"https:\/\/www.kyshenkotraining.com\/?s={search_term_string}\"},\"query-input\":{\"@type\":\"PropertyValueSpecification\",\"valueRequired\":true,\"valueName\":\"search_term_string\"}}],\"inLanguage\":\"ru-RU\"},{\"@type\":\"Organization\",\"@id\":\"https:\/\/www.kyshenkotraining.com\/#organization\",\"name\":\"Kyshenkotraining.com\",\"url\":\"https:\/\/www.kyshenkotraining.com\/\",\"logo\":{\"@type\":\"ImageObject\",\"inLanguage\":\"ru-RU\",\"@id\":\"https:\/\/www.kyshenkotraining.com\/#\/schema\/logo\/image\/\",\"url\":\"https:\/\/www.kyshenkotraining.com\/wp-content\/uploads\/2023\/03\/6c240-logo_kyshenko-03-1.png\",\"contentUrl\":\"https:\/\/www.kyshenkotraining.com\/wp-content\/uploads\/2023\/03\/6c240-logo_kyshenko-03-1.png\",\"width\":3299,\"height\":720,\"caption\":\"Kyshenkotraining.com\"},\"image\":{\"@id\":\"https:\/\/www.kyshenkotraining.com\/#\/schema\/logo\/image\/\"}}]}<\/script>\n<!-- \/ Yoast SEO Premium plugin. -->","yoast_head_json":{"title":"Seminarios - Kyshenkotraining.com","robots":{"index":"index","follow":"follow","max-snippet":"max-snippet:-1","max-image-preview":"max-image-preview:large","max-video-preview":"max-video-preview:-1"},"canonical":"https:\/\/www.kyshenkotraining.com\/ru\/seminarios\/","og_locale":"ru_RU","og_type":"article","og_title":"Seminarios","og_description":"\u00bfTe gustar\u00eda entrenar con una Campe\u00f3n Mundial? Artur Kyshenko, despu\u00e9s de luchar en las mejores ligas y llevar a\u00f1os imbatido en K1, sigue amando este deporte como el primer d\u00eda y siempre est\u00e1 dispuesto a compartir todos sus a\u00f1os de experiencia en cualquier lugar Le [&hellip;]","og_url":"https:\/\/www.kyshenkotraining.com\/ru\/seminarios\/","og_site_name":"Kyshenkotraining.com","article_modified_time":"2023-04-01T10:53:42+00:00","og_image":[{"url":"https:\/\/www.kyshenkotraining.com\/wp-content\/uploads\/2023\/03\/d99ea-usa-seminar.jpg","type":"","width":"","height":""}],"twitter_card":"summary_large_image","twitter_misc":{"\u041f\u0440\u0438\u043c\u0435\u0440\u043d\u043e\u0435 \u0432\u0440\u0435\u043c\u044f \u0434\u043b\u044f \u0447\u0442\u0435\u043d\u0438\u044f":"2 \u043c\u0438\u043d\u0443\u0442\u044b"},"schema":{"@context":"https:\/\/schema.org","@graph":[{"@type":"WebPage","@id":"https:\/\/www.kyshenkotraining.com\/seminarios\/","url":"https:\/\/www.kyshenkotraining.com\/seminarios\/","name":"Seminarios - Kyshenkotraining.com","isPartOf":{"@id":"https:\/\/www.kyshenkotraining.com\/#website"},"primaryImageOfPage":{"@id":"https:\/\/www.kyshenkotraining.com\/seminarios\/#primaryimage"},"image":{"@id":"https:\/\/www.kyshenkotraining.com\/seminarios\/#primaryimage"},"thumbnailUrl":"https:\/\/www.kyshenkotraining.com\/wp-content\/uploads\/2023\/03\/d99ea-usa-seminar.jpg","datePublished":"2023-03-27T13:38:42+00:00","dateModified":"2023-04-01T10:53:42+00:00","breadcrumb":{"@id":"https:\/\/www.kyshenkotraining.com\/seminarios\/#breadcrumb"},"inLanguage":"ru-RU","potentialAction":[{"@type":"ReadAction","target":["https:\/\/www.kyshenkotraining.com\/seminarios\/"]}]},{"@type":"ImageObject","inLanguage":"ru-RU","@id":"https:\/\/www.kyshenkotraining.com\/seminarios\/#primaryimage","url":"https:\/\/www.kyshenkotraining.com\/wp-content\/uploads\/2023\/03\/d99ea-usa-seminar.jpg","contentUrl":"https:\/\/www.kyshenkotraining.com\/wp-content\/uploads\/2023\/03\/d99ea-usa-seminar.jpg"},{"@type":"BreadcrumbList","@id":"https:\/\/www.kyshenkotraining.com\/seminarios\/#breadcrumb","itemListElement":[{"@type":"ListItem","position":1,"name":"Portada","item":"https:\/\/www.kyshenkotraining.com\/"},{"@type":"ListItem","position":2,"name":"Seminarios"}]},{"@type":"WebSite","@id":"https:\/\/www.kyshenkotraining.com\/#website","url":"https:\/\/www.kyshenkotraining.com\/","name":"Kyshenkotraining.com","description":"Kyshenko training de cursos online para todos, desde principiantes hasta profesionales: su edad, nivel de preparaci\u00f3n, datos f\u00edsicos iniciales no importan","publisher":{"@id":"https:\/\/www.kyshenkotraining.com\/#organization"},"potentialAction":[{"@type":"SearchAction","target":{"@type":"EntryPoint","urlTemplate":"https:\/\/www.kyshenkotraining.com\/?s={search_term_string}"},"query-input":{"@type":"PropertyValueSpecification","valueRequired":true,"valueName":"search_term_string"}}],"inLanguage":"ru-RU"},{"@type":"Organization","@id":"https:\/\/www.kyshenkotraining.com\/#organization","name":"Kyshenkotraining.com","url":"https:\/\/www.kyshenkotraining.com\/","logo":{"@type":"ImageObject","inLanguage":"ru-RU","@id":"https:\/\/www.kyshenkotraining.com\/#\/schema\/logo\/image\/","url":"https:\/\/www.kyshenkotraining.com\/wp-content\/uploads\/2023\/03\/6c240-logo_kyshenko-03-1.png","contentUrl":"https:\/\/www.kyshenkotraining.com\/wp-content\/uploads\/2023\/03\/6c240-logo_kyshenko-03-1.png","width":3299,"height":720,"caption":"Kyshenkotraining.com"},"image":{"@id":"https:\/\/www.kyshenkotraining.com\/#\/schema\/logo\/image\/"}}]}},"_links":{"self":[{"href":"https:\/\/www.kyshenkotraining.com\/ru\/wp-json\/wp\/v2\/pages\/9757","targetHints":{"allow":["GET"]}}],"collection":[{"href":"https:\/\/www.kyshenkotraining.com\/ru\/wp-json\/wp\/v2\/pages"}],"about":[{"href":"https:\/\/www.kyshenkotraining.com\/ru\/wp-json\/wp\/v2\/types\/page"}],"author":[{"embeddable":true,"href":"https:\/\/www.kyshenkotraining.com\/ru\/wp-json\/wp\/v2\/users\/1"}],"replies":[{"embeddable":true,"href":"https:\/\/www.kyshenkotraining.com\/ru\/wp-json\/wp\/v2\/comments?post=9757"}],"version-history":[{"count":0,"href":"https:\/\/www.kyshenkotraining.com\/ru\/wp-json\/wp\/v2\/pages\/9757\/revisions"}],"wp:attachment":[{"href":"https:\/\/www.kyshenkotraining.com\/ru\/wp-json\/wp\/v2\/media?parent=9757"}],"curies":[{"name":"wp","href":"https:\/\/api.w.org\/{rel}","templated":true}]}}