{"id":9800,"date":"2023-03-29T09:32:25","date_gmt":"2023-03-29T09:32:25","guid":{"rendered":"https:\/\/www.kyshenkotraining.com\/?page_id=9800"},"modified":"2023-04-01T10:43:37","modified_gmt":"2023-04-01T10:43:37","slug":"sobre-mi","status":"publish","type":"page","link":"https:\/\/www.kyshenkotraining.com\/en\/sobre-mi\/","title":{"rendered":"Sobre mi"},"content":{"rendered":"<div data-elementor-type=\"wp-page\" data-elementor-id=\"9800\" class=\"elementor elementor-9800\">\n\t\t\t\t\t\t<section class=\"elementor-section elementor-top-section elementor-element elementor-element-b1cb4e4 elementor-section-content-middle elementor-section-boxed elementor-section-height-default elementor-section-height-default\" data-id=\"b1cb4e4\" data-element_type=\"section\">\n\t\t\t\t\t\t<div class=\"elementor-container elementor-column-gap-default\">\n\t\t\t\t\t<div class=\"elementor-column elementor-col-50 elementor-top-column elementor-element elementor-element-f6768c7\" data-id=\"f6768c7\" data-element_type=\"column\">\n\t\t\t<div class=\"elementor-widget-wrap elementor-element-populated\">\n\t\t\t\t\t\t<div class=\"elementor-element elementor-element-22fef3e elementor-widget elementor-widget-heading\" data-id=\"22fef3e\" data-element_type=\"widget\" data-widget_type=\"heading.default\">\n\t\t\t\t<div class=\"elementor-widget-container\">\n\t\t\t\t\t<h2 class=\"elementor-heading-title elementor-size-default\">Leyenda en el mundo del kickboxing profesional<\/h2>\t\t\t\t<\/div>\n\t\t\t\t<\/div>\n\t\t\t\t<div class=\"elementor-element elementor-element-291909e elementor-widget elementor-widget-text-editor\" data-id=\"291909e\" data-element_type=\"widget\" data-widget_type=\"text-editor.default\">\n\t\t\t\t<div class=\"elementor-widget-container\">\n\t\t\t\t\t\t\t\t\t<p>Artur es competidor internacional con un record profesional de: \u00a0<\/p><p>91 &#8211; 73 \u2013 13\u00a0 (37Ko), con una experiencia en los deportes de contacto de m\u00e1s de 20 a\u00f1os, actualmente sigue en activo como competidor y entrenando a competidores en su gimnasio en Barcelona @kyshenkogym<\/p><p>Descubre en mis cursos, las mejores t\u00e9cnicas, entrenos, dietas, y los secretos que me han convertido en campe\u00f3n mundial de peso mediano de Kick-Boxing y actualmente llevar 22 combates seguidos sin perder.<\/p><p>El curso consiste en un reto de 21 d\u00edas. Cada d\u00eda durante 15 \u2013 20 minutos, visualiza y aprende la rutina de entrenamiento que debes hacer y luego escoge el mejor momento para realizarla en tu casa, gym, con tu compa\u00f1ero amigo y disfruta mejorando.<\/p><p>I am Artur Kyshenko, and currently I am champion of the world all but my life as well as so many other people was not always easy, to me, many things have happened, one bad and the other very good, it has been a long journey on which I have had to fight a lot, in the ring and outside it, but all of this has led me to be who I am.\u00a0<\/p><p>I was born in Odessa, Ukraine, in a humble family. I raised my a single mother, since my father was always absent, so that had to work hard to get ahead. She was my first example of perseverance and strength in life.\u00a0<\/p><p>El barrio donde vivimos era una zona pobre y conflictiva donde tenia que hacerme fuerte s\u00ed quer\u00eda evitar problemas y sobrevivir. Por esa raz\u00f3n cuando ten\u00eda 13 a\u00f1os empec\u00e9 a practicar Boxeo. A dem\u00e1s de aprender a defenderme, el boxeo me ayud\u00f3 a estar alejado de los problemas en los que un chico pod\u00eda caer viviendo en un entorno desfavorecido. Pero sobretodo me ense\u00f1o los grandes valores del deporte, la constancia, el esfuerzo por superarse y mejorar. Practicar este deporte y entrenar cada d\u00eda hacia que mi vida fuera mejor, nunca me perd\u00ed un entreno, aunque el gimnasio estuviera lejos y no pudiese pagar el billete de autob\u00fas yo caminaba una hora para ir y otra para volver a mi casa.\u00a0<\/p><p>Muy temprano me di cuenta que este ser\u00eda mi camino, no ten\u00eda muchas oportunidades en la vida as\u00ed que decid\u00ed enfocar todo mi esfuerzo en ser el mejor y labrarme un futuro como luchador profesional.\u00a0\u00a0Empec\u00e9 a ganar competiciones y pronto descubr\u00ed el Muay Thai, despu\u00e9s el Kick Boxing y el K1, viaj\u00e9 por todo el mundo compitiendo y entrenando, alcanzando el \u00e9xito y logrando ser campe\u00f3n del mundo varias veces en todas estas disciplinas.<\/p><p>Ahora me gustar\u00eda compartir contigo mi experiencia, conocimientos y filosof\u00eda de entrenamiento a trav\u00e9s de mis cursos que sin duda cambiar\u00e1 tu vida como luchador y te ayudar\u00e1 a conseguir tus objetivos<\/p>\t\t\t\t\t\t\t\t<\/div>\n\t\t\t\t<\/div>\n\t\t\t\t\t<\/div>\n\t\t<\/div>\n\t\t\t\t<div class=\"elementor-column elementor-col-50 elementor-top-column elementor-element elementor-element-6699273\" data-id=\"6699273\" data-element_type=\"column\">\n\t\t\t<div class=\"elementor-widget-wrap elementor-element-populated\">\n\t\t\t\t\t\t<div class=\"elementor-element elementor-element-d561577 elementor-widget elementor-widget-image\" data-id=\"d561577\" data-element_type=\"widget\" data-widget_type=\"image.default\">\n\t\t\t\t<div class=\"elementor-widget-container\">\n\t\t\t\t\t\t\t\t\t\t\t\t\t\t\t<img fetchpriority=\"high\" decoding=\"async\" width=\"1895\" height=\"2141\" src=\"https:\/\/www.kyshenkotraining.com\/wp-content\/uploads\/2023\/03\/72db3-web_kyshenko_artur_curso-02.jpg\" class=\"attachment-full size-full wp-image-9813\" alt=\"\" srcset=\"https:\/\/www.kyshenkotraining.com\/wp-content\/uploads\/2023\/03\/72db3-web_kyshenko_artur_curso-02.jpg 1895w, https:\/\/www.kyshenkotraining.com\/wp-content\/uploads\/2023\/03\/72db3-web_kyshenko_artur_curso-02-266x300.jpg 266w, https:\/\/www.kyshenkotraining.com\/wp-content\/uploads\/2023\/03\/72db3-web_kyshenko_artur_curso-02-906x1024.jpg 906w, https:\/\/www.kyshenkotraining.com\/wp-content\/uploads\/2023\/03\/72db3-web_kyshenko_artur_curso-02-768x868.jpg 768w, https:\/\/www.kyshenkotraining.com\/wp-content\/uploads\/2023\/03\/72db3-web_kyshenko_artur_curso-02-1360x1536.jpg 1360w, https:\/\/www.kyshenkotraining.com\/wp-content\/uploads\/2023\/03\/72db3-web_kyshenko_artur_curso-02-1813x2048.jpg 1813w, https:\/\/www.kyshenkotraining.com\/wp-content\/uploads\/2023\/03\/72db3-web_kyshenko_artur_curso-02-300x339.jpg 300w, https:\/\/www.kyshenkotraining.com\/wp-content\/uploads\/2023\/03\/72db3-web_kyshenko_artur_curso-02-600x678.jpg 600w\" sizes=\"(max-width: 1895px) 100vw, 1895px\" \/>\t\t\t\t\t\t\t\t\t\t\t\t\t\t\t<\/div>\n\t\t\t\t<\/div>\n\t\t\t\t<div class=\"elementor-element elementor-element-4e50538 elementor-widget elementor-widget-heading\" data-id=\"4e50538\" data-element_type=\"widget\" data-widget_type=\"heading.default\">\n\t\t\t\t<div class=\"elementor-widget-container\">\n\t\t\t\t\t<h3 class=\"elementor-heading-title elementor-size-default\">Profesional<\/h3>\t\t\t\t<\/div>\n\t\t\t\t<\/div>\n\t\t\t\t<div class=\"elementor-element elementor-element-d29b57a elementor-widget elementor-widget-text-editor\" data-id=\"d29b57a\" data-element_type=\"widget\" data-widget_type=\"text-editor.default\">\n\t\t\t\t<div class=\"elementor-widget-container\">\n\t\t\t\t\t\t\t\t\t<ul><li>2015 Kunlun Fight -80kg Tournament World Champion<\/li><li>2013 King of Kings -71 kg champion<\/li><li>2012 K-1 World MAX Final runner up<\/li><li>2011 It&#8217;s Showtime \u00abFast &amp; Furious 70MAX\u00bb runner up<\/li><li>2008 K-1 World MAX Final runner up<\/li><li>2006 K-1 East Europe MAX champion<\/li><li>2004 Fighting Arts world champion<\/li><\/ul>\t\t\t\t\t\t\t\t<\/div>\n\t\t\t\t<\/div>\n\t\t\t\t<div class=\"elementor-element elementor-element-c62e804 elementor-widget elementor-widget-heading\" data-id=\"c62e804\" data-element_type=\"widget\" data-widget_type=\"heading.default\">\n\t\t\t\t<div class=\"elementor-widget-container\">\n\t\t\t\t\t<h3 class=\"elementor-heading-title elementor-size-default\">Amateur<\/h3>\t\t\t\t<\/div>\n\t\t\t\t<\/div>\n\t\t\t\t<div class=\"elementor-element elementor-element-84ceb00 elementor-widget elementor-widget-text-editor\" data-id=\"84ceb00\" data-element_type=\"widget\" data-widget_type=\"text-editor.default\">\n\t\t\t\t<div class=\"elementor-widget-container\">\n\t\t\t\t\t\t\t\t\t<ul><li>2010 SportAccord Combat Games in Beijing, China -71 kg<\/li><li>2007 I.F.M.A. World Muay Thai Championships in Bangkok, Thailand -71 kg<\/li><li>2006 I.F.M.A. World Muay Thai Championships in Bangkok, Thailand -71 kg<\/li><li>2006 Ukrainian Muay Thai Championships in Odessa, Ukraine -71 kg<\/li><li>2005 Ukrainian Muay Thai Championships in Odessa, Ukraine -75 kg<\/li><li>2004 I.F.M.A. World Muay Thai Championships in Bangkok, Thailand -67 kg<\/li><li>2004 I.F.M.A. European Muay Thai Championships<\/li><li>2003 I.F.M.A. World Muay Thai Championships in Almaty, Kazakhstan -63.5 kg<\/li><\/ul>\t\t\t\t\t\t\t\t<\/div>\n\t\t\t\t<\/div>\n\t\t\t\t\t<\/div>\n\t\t<\/div>\n\t\t\t\t\t<\/div>\n\t\t<\/section>\n\t\t\t\t<\/div>","protected":false},"excerpt":{"rendered":"<p>Leyenda en el mundo del kickboxing profesional Artur es competidor internacional con un record profesional de: \u00a0 91 &#8211; 73 \u2013 13\u00a0 (37Ko), con una experiencia en los deportes de contacto de m\u00e1s de 20 a\u00f1os, actualmente sigue en activo como competidor y entrenando a [&hellip;]<\/p>","protected":false},"author":1,"featured_media":0,"parent":0,"menu_order":0,"comment_status":"closed","ping_status":"closed","template":"elementor_header_footer","meta":{"footnotes":""},"class_list":["post-9800","page","type-page","status-publish","hentry"],"yoast_head":"<!-- This site is optimized with the Yoast SEO Premium plugin v20.3 (Yoast SEO v25.5) - https:\/\/yoast.com\/wordpress\/plugins\/seo\/ -->\n<title>Sobre mi - Kyshenkotraining.com<\/title>\n<meta name=\"robots\" content=\"index, follow, max-snippet:-1, max-image-preview:large, max-video-preview:-1\" \/>\n<link rel=\"canonical\" href=\"https:\/\/www.kyshenkotraining.com\/en\/sobre-mi\/\" \/>\n<meta property=\"og:locale\" content=\"en_GB\" \/>\n<meta property=\"og:type\" content=\"article\" \/>\n<meta property=\"og:title\" content=\"Sobre mi\" \/>\n<meta property=\"og:description\" content=\"Leyenda en el mundo del kickboxing profesional Artur es competidor internacional con un record profesional de: \u00a0 91 &#8211; 73 \u2013 13\u00a0 (37Ko), con una experiencia en los deportes de contacto de m\u00e1s de 20 a\u00f1os, actualmente sigue en activo como competidor y entrenando a [&hellip;]\" \/>\n<meta property=\"og:url\" content=\"https:\/\/www.kyshenkotraining.com\/en\/sobre-mi\/\" \/>\n<meta property=\"og:site_name\" content=\"Kyshenkotraining.com\" \/>\n<meta property=\"article:modified_time\" content=\"2023-04-01T10:43:37+00:00\" \/>\n<meta property=\"og:image\" content=\"https:\/\/www.kyshenkotraining.com\/wp-content\/uploads\/2023\/03\/72db3-web_kyshenko_artur_curso-02.jpg\" \/>\n<meta name=\"twitter:card\" content=\"summary_large_image\" \/>\n<meta name=\"twitter:label1\" content=\"Estimated reading time\" \/>\n\t<meta name=\"twitter:data1\" content=\"3 minutes\" \/>\n<script type=\"application\/ld+json\" class=\"yoast-schema-graph\">{\"@context\":\"https:\/\/schema.org\",\"@graph\":[{\"@type\":\"WebPage\",\"@id\":\"https:\/\/www.kyshenkotraining.com\/sobre-mi\/\",\"url\":\"https:\/\/www.kyshenkotraining.com\/sobre-mi\/\",\"name\":\"Sobre mi - Kyshenkotraining.com\",\"isPartOf\":{\"@id\":\"https:\/\/www.kyshenkotraining.com\/#website\"},\"primaryImageOfPage\":{\"@id\":\"https:\/\/www.kyshenkotraining.com\/sobre-mi\/#primaryimage\"},\"image\":{\"@id\":\"https:\/\/www.kyshenkotraining.com\/sobre-mi\/#primaryimage\"},\"thumbnailUrl\":\"https:\/\/www.kyshenkotraining.com\/wp-content\/uploads\/2023\/03\/72db3-web_kyshenko_artur_curso-02.jpg\",\"datePublished\":\"2023-03-29T09:32:25+00:00\",\"dateModified\":\"2023-04-01T10:43:37+00:00\",\"breadcrumb\":{\"@id\":\"https:\/\/www.kyshenkotraining.com\/sobre-mi\/#breadcrumb\"},\"inLanguage\":\"en-GB\",\"potentialAction\":[{\"@type\":\"ReadAction\",\"target\":[\"https:\/\/www.kyshenkotraining.com\/sobre-mi\/\"]}]},{\"@type\":\"ImageObject\",\"inLanguage\":\"en-GB\",\"@id\":\"https:\/\/www.kyshenkotraining.com\/sobre-mi\/#primaryimage\",\"url\":\"https:\/\/www.kyshenkotraining.com\/wp-content\/uploads\/2023\/03\/72db3-web_kyshenko_artur_curso-02.jpg\",\"contentUrl\":\"https:\/\/www.kyshenkotraining.com\/wp-content\/uploads\/2023\/03\/72db3-web_kyshenko_artur_curso-02.jpg\"},{\"@type\":\"BreadcrumbList\",\"@id\":\"https:\/\/www.kyshenkotraining.com\/sobre-mi\/#breadcrumb\",\"itemListElement\":[{\"@type\":\"ListItem\",\"position\":1,\"name\":\"Portada\",\"item\":\"https:\/\/www.kyshenkotraining.com\/\"},{\"@type\":\"ListItem\",\"position\":2,\"name\":\"Sobre mi\"}]},{\"@type\":\"WebSite\",\"@id\":\"https:\/\/www.kyshenkotraining.com\/#website\",\"url\":\"https:\/\/www.kyshenkotraining.com\/\",\"name\":\"Kyshenkotraining.com\",\"description\":\"Kyshenko training de cursos online para todos, desde principiantes hasta profesionales: su edad, nivel de preparaci\u00f3n, datos f\u00edsicos iniciales no importan\",\"publisher\":{\"@id\":\"https:\/\/www.kyshenkotraining.com\/#organization\"},\"potentialAction\":[{\"@type\":\"SearchAction\",\"target\":{\"@type\":\"EntryPoint\",\"urlTemplate\":\"https:\/\/www.kyshenkotraining.com\/?s={search_term_string}\"},\"query-input\":{\"@type\":\"PropertyValueSpecification\",\"valueRequired\":true,\"valueName\":\"search_term_string\"}}],\"inLanguage\":\"en-GB\"},{\"@type\":\"Organization\",\"@id\":\"https:\/\/www.kyshenkotraining.com\/#organization\",\"name\":\"Kyshenkotraining.com\",\"url\":\"https:\/\/www.kyshenkotraining.com\/\",\"logo\":{\"@type\":\"ImageObject\",\"inLanguage\":\"en-GB\",\"@id\":\"https:\/\/www.kyshenkotraining.com\/#\/schema\/logo\/image\/\",\"url\":\"https:\/\/www.kyshenkotraining.com\/wp-content\/uploads\/2023\/03\/6c240-logo_kyshenko-03-1.png\",\"contentUrl\":\"https:\/\/www.kyshenkotraining.com\/wp-content\/uploads\/2023\/03\/6c240-logo_kyshenko-03-1.png\",\"width\":3299,\"height\":720,\"caption\":\"Kyshenkotraining.com\"},\"image\":{\"@id\":\"https:\/\/www.kyshenkotraining.com\/#\/schema\/logo\/image\/\"}}]}<\/script>\n<!-- \/ Yoast SEO Premium plugin. -->","yoast_head_json":{"title":"Sobre mi - Kyshenkotraining.com","robots":{"index":"index","follow":"follow","max-snippet":"max-snippet:-1","max-image-preview":"max-image-preview:large","max-video-preview":"max-video-preview:-1"},"canonical":"https:\/\/www.kyshenkotraining.com\/en\/sobre-mi\/","og_locale":"en_GB","og_type":"article","og_title":"Sobre mi","og_description":"Leyenda en el mundo del kickboxing profesional Artur es competidor internacional con un record profesional de: \u00a0 91 &#8211; 73 \u2013 13\u00a0 (37Ko), con una experiencia en los deportes de contacto de m\u00e1s de 20 a\u00f1os, actualmente sigue en activo como competidor y entrenando a [&hellip;]","og_url":"https:\/\/www.kyshenkotraining.com\/en\/sobre-mi\/","og_site_name":"Kyshenkotraining.com","article_modified_time":"2023-04-01T10:43:37+00:00","og_image":[{"url":"https:\/\/www.kyshenkotraining.com\/wp-content\/uploads\/2023\/03\/72db3-web_kyshenko_artur_curso-02.jpg","type":"","width":"","height":""}],"twitter_card":"summary_large_image","twitter_misc":{"Estimated reading time":"3 minutes"},"schema":{"@context":"https:\/\/schema.org","@graph":[{"@type":"WebPage","@id":"https:\/\/www.kyshenkotraining.com\/sobre-mi\/","url":"https:\/\/www.kyshenkotraining.com\/sobre-mi\/","name":"Sobre mi - Kyshenkotraining.com","isPartOf":{"@id":"https:\/\/www.kyshenkotraining.com\/#website"},"primaryImageOfPage":{"@id":"https:\/\/www.kyshenkotraining.com\/sobre-mi\/#primaryimage"},"image":{"@id":"https:\/\/www.kyshenkotraining.com\/sobre-mi\/#primaryimage"},"thumbnailUrl":"https:\/\/www.kyshenkotraining.com\/wp-content\/uploads\/2023\/03\/72db3-web_kyshenko_artur_curso-02.jpg","datePublished":"2023-03-29T09:32:25+00:00","dateModified":"2023-04-01T10:43:37+00:00","breadcrumb":{"@id":"https:\/\/www.kyshenkotraining.com\/sobre-mi\/#breadcrumb"},"inLanguage":"en-GB","potentialAction":[{"@type":"ReadAction","target":["https:\/\/www.kyshenkotraining.com\/sobre-mi\/"]}]},{"@type":"ImageObject","inLanguage":"en-GB","@id":"https:\/\/www.kyshenkotraining.com\/sobre-mi\/#primaryimage","url":"https:\/\/www.kyshenkotraining.com\/wp-content\/uploads\/2023\/03\/72db3-web_kyshenko_artur_curso-02.jpg","contentUrl":"https:\/\/www.kyshenkotraining.com\/wp-content\/uploads\/2023\/03\/72db3-web_kyshenko_artur_curso-02.jpg"},{"@type":"BreadcrumbList","@id":"https:\/\/www.kyshenkotraining.com\/sobre-mi\/#breadcrumb","itemListElement":[{"@type":"ListItem","position":1,"name":"Portada","item":"https:\/\/www.kyshenkotraining.com\/"},{"@type":"ListItem","position":2,"name":"Sobre mi"}]},{"@type":"WebSite","@id":"https:\/\/www.kyshenkotraining.com\/#website","url":"https:\/\/www.kyshenkotraining.com\/","name":"Kyshenkotraining.com","description":"Kyshenko training de cursos online para todos, desde principiantes hasta profesionales: su edad, nivel de preparaci\u00f3n, datos f\u00edsicos iniciales no importan","publisher":{"@id":"https:\/\/www.kyshenkotraining.com\/#organization"},"potentialAction":[{"@type":"SearchAction","target":{"@type":"EntryPoint","urlTemplate":"https:\/\/www.kyshenkotraining.com\/?s={search_term_string}"},"query-input":{"@type":"PropertyValueSpecification","valueRequired":true,"valueName":"search_term_string"}}],"inLanguage":"en-GB"},{"@type":"Organization","@id":"https:\/\/www.kyshenkotraining.com\/#organization","name":"Kyshenkotraining.com","url":"https:\/\/www.kyshenkotraining.com\/","logo":{"@type":"ImageObject","inLanguage":"en-GB","@id":"https:\/\/www.kyshenkotraining.com\/#\/schema\/logo\/image\/","url":"https:\/\/www.kyshenkotraining.com\/wp-content\/uploads\/2023\/03\/6c240-logo_kyshenko-03-1.png","contentUrl":"https:\/\/www.kyshenkotraining.com\/wp-content\/uploads\/2023\/03\/6c240-logo_kyshenko-03-1.png","width":3299,"height":720,"caption":"Kyshenkotraining.com"},"image":{"@id":"https:\/\/www.kyshenkotraining.com\/#\/schema\/logo\/image\/"}}]}},"_links":{"self":[{"href":"https:\/\/www.kyshenkotraining.com\/en\/wp-json\/wp\/v2\/pages\/9800","targetHints":{"allow":["GET"]}}],"collection":[{"href":"https:\/\/www.kyshenkotraining.com\/en\/wp-json\/wp\/v2\/pages"}],"about":[{"href":"https:\/\/www.kyshenkotraining.com\/en\/wp-json\/wp\/v2\/types\/page"}],"author":[{"embeddable":true,"href":"https:\/\/www.kyshenkotraining.com\/en\/wp-json\/wp\/v2\/users\/1"}],"replies":[{"embeddable":true,"href":"https:\/\/www.kyshenkotraining.com\/en\/wp-json\/wp\/v2\/comments?post=9800"}],"version-history":[{"count":0,"href":"https:\/\/www.kyshenkotraining.com\/en\/wp-json\/wp\/v2\/pages\/9800\/revisions"}],"wp:attachment":[{"href":"https:\/\/www.kyshenkotraining.com\/en\/wp-json\/wp\/v2\/media?parent=9800"}],"curies":[{"name":"wp","href":"https:\/\/api.w.org\/{rel}","templated":true}]}}